{"id":13653,"date":"2025-04-29T14:53:12","date_gmt":"2025-04-29T14:53:12","guid":{"rendered":"https:\/\/disrupt-x.io\/politique-de-confidentialite\/"},"modified":"2026-02-26T07:46:03","modified_gmt":"2026-02-26T07:46:03","slug":"politique-de-confidentialite","status":"publish","type":"page","link":"https:\/\/disrupt-x.io\/fr\/politique-de-confidentialite\/","title":{"rendered":"Politique de confidentialit\u00e9"},"content":{"rendered":"\t\t<div data-elementor-type=\"wp-page\" data-elementor-id=\"13653\" class=\"elementor elementor-13653 elementor-3\" data-elementor-post-type=\"page\">\n\t\t\t\t<div class=\"elementor-element elementor-element-a2c33cc e-con-full e-flex e-con e-parent\" data-id=\"a2c33cc\" data-element_type=\"container\" data-settings=\"{&quot;background_background&quot;:&quot;classic&quot;}\">\n\t\t<div class=\"elementor-element elementor-element-c6aac79 e-con-full e-flex e-con e-child\" data-id=\"c6aac79\" data-element_type=\"container\">\n\t\t\t\t<div class=\"elementor-element elementor-element-5d9bac7 elementor-widget elementor-widget-heading\" data-id=\"5d9bac7\" data-element_type=\"widget\" data-widget_type=\"heading.default\">\n\t\t\t\t\t<h3 class=\"elementor-heading-title elementor-size-default\">Politique de confidentialit\u00e9\n<\/h3>\t\t\t\t<\/div>\n\t\t\t\t<div class=\"elementor-element elementor-element-e2b826f elementor-widget elementor-widget-heading\" data-id=\"e2b826f\" data-element_type=\"widget\" data-widget_type=\"heading.default\">\n\t\t\t\t\t<h2 class=\"elementor-heading-title elementor-size-default\">ACCEPTATION DES CONDITIONS<\/h2>\t\t\t\t<\/div>\n\t\t\t\t<\/div>\n\t\t<div class=\"elementor-element elementor-element-4cde300 e-con-full e-flex e-con e-child\" data-id=\"4cde300\" data-element_type=\"container\" data-settings=\"{&quot;background_background&quot;:&quot;classic&quot;,&quot;position&quot;:&quot;absolute&quot;}\">\n\t\t\t\t<\/div>\n\t\t<div class=\"elementor-element elementor-element-ef17081 e-con-full e-flex e-con e-child\" data-id=\"ef17081\" data-element_type=\"container\" data-settings=\"{&quot;background_background&quot;:&quot;classic&quot;,&quot;position&quot;:&quot;absolute&quot;}\">\n\t\t\t\t<\/div>\n\t\t<div class=\"elementor-element elementor-element-2fd617b e-con-full e-flex e-con e-child\" data-id=\"2fd617b\" data-element_type=\"container\" data-settings=\"{&quot;background_background&quot;:&quot;classic&quot;,&quot;position&quot;:&quot;absolute&quot;}\">\n\t\t\t\t<\/div>\n\t\t\t\t<\/div>\n\t\t<div class=\"elementor-element elementor-element-fd97086 e-con-full e-flex e-con e-parent\" data-id=\"fd97086\" data-element_type=\"container\">\n\t\t\t\t<div class=\"elementor-element elementor-element-dafa432 elementor-widget elementor-widget-text-editor\" data-id=\"dafa432\" data-element_type=\"widget\" data-widget_type=\"text-editor.default\">\n\t\t\t\t\t\t\t\t\t<h3>1. Introduction<\/h3><p>Disrupt-X Tech Limited et ses filiales (collectivement d\u00e9sign\u00e9es par \u00ab Disrupt-X \u00bb, \u00ab Soci\u00e9t\u00e9 \u00bb, \u00ab nous \u00bb, \u00ab notre \u00bb ou \u00ab nos \u00bb) s&rsquo;engagent \u00e0 prot\u00e9ger vos donn\u00e9es personnelles. La pr\u00e9sente politique de confidentialit\u00e9 &#8211; disponible \u00e0 l&rsquo;adresse <a href=\"https:\/\/disrupt-x.io\/fr\/?page_id=13653\">https:\/\/disrupt-x.io\/privacy-policy\/<\/a> et soumise \u00e0 des mises \u00e0 jour p\u00e9riodiques &#8211; d\u00e9crit la mani\u00e8re dont nous collectons, utilisons, stockons et prot\u00e9geons vos informations lorsque vous interagissez avec nos sites Web, nos plateformes, nos services et nos initiatives, y compris, mais sans s&rsquo;y limiter, les conf\u00e9rences, les \u00e9v\u00e9nements et les solutions num\u00e9riques.<\/p><p>\u00a0<\/p><h3>2. Qui sommes-nous ?<\/h3><p>Disrupt-X Tech Limited<br \/>Adresse du si\u00e8ge social : Bureau 207-208, Indigo Tower, Cluster D, JLT, Dubai, U.A.E.<br \/>Email : <a href=\"mailto:info@disrupt-x.io\">info@disrupt-x.io <br \/>Website : www.disrupt-x.io<\/a><\/p><p>Disrupt-X est le responsable du traitement des donn\u00e9es personnelles collect\u00e9es par le biais de nos plateformes num\u00e9riques, de nos produits et de nos \u00e9v\u00e9nements.<\/p><p>\u00a0<\/p><h3>3. Quelles sont les donn\u00e9es personnelles que nous collectons ?<\/h3><p>Selon la mani\u00e8re dont vous interagissez avec nous, nous pouvons collecter des donn\u00e9es :<\/p><ul><li><strong>Identit\u00e9 et coordonn\u00e9es : <\/strong>Nom complet, adresse \u00e9lectronique, num\u00e9ro de t\u00e9l\u00e9phone, nom de l&rsquo;entreprise et titre du poste.<\/li><li><strong>Identifiants \u00e9mis par le gouvernement : <\/strong>Comme un num\u00e9ro de carte d&rsquo;identit\u00e9 nationale ou de passeport, lorsque cela est n\u00e9cessaire \u00e0 des fins de r\u00e9glementation ou de conformit\u00e9 (par exemple, autorisations d&rsquo;\u00e9v\u00e9nements ou contr\u00f4les de v\u00e9rification).<\/li><li><strong>Donn\u00e9es relatives \u00e0 la participation \u00e0 l&rsquo;\u00e9v\u00e9nement : <\/strong>D\u00e9tails de l&rsquo;inscription, participation, pr\u00e9f\u00e9rences et commentaires.<\/li><li><strong>Donn\u00e9es visuelles et audio : <\/strong>Photographies, enregistrements vid\u00e9o et audio r\u00e9alis\u00e9s lors d&rsquo;\u00e9v\u00e9nements, de r\u00e9unions, de s\u00e9minaires ou de webinaires. Ils peuvent inclure votre image, votre voix ou votre ressemblance et peuvent \u00eatre utilis\u00e9s \u00e0 des fins de documentation, de formation ou de promotion.<\/li><li><strong>Les communications : <\/strong>Les informations que vous partagez par le biais de courriers \u00e9lectroniques, de formulaires de contact ou de conversations avec notre \u00e9quipe.<\/li><li><strong>Donn\u00e9es techniques : <\/strong>Adresse IP, type de navigateur, informations sur l&rsquo;appareil, pages visit\u00e9es et interactions sur nos sites web.<\/li><\/ul><h3>4. Comment nous collectons vos donn\u00e9es personnelles<\/h3><p>Nous recueillons vos donn\u00e9es personnelles de la mani\u00e8re suivante :<\/p><ul><li><strong>Directement aupr\u00e8s de vous<\/strong>: Par le biais de formulaires en ligne, de courriers \u00e9lectroniques, d&rsquo;abonnements, d&rsquo;enqu\u00eates, d&rsquo;assistance \u00e0 la client\u00e8le ou d&rsquo;interactions en personne lors d&rsquo;\u00e9v\u00e9nements.<\/li><li><strong>Lors d&rsquo;\u00e9v\u00e9nements et de r\u00e9unions<\/strong>: Lorsque vous assistez \u00e0 nos \u00e9v\u00e9nements, r\u00e9unions, s\u00e9minaires ou webinaires, nous pouvons prendre des photos, des vid\u00e9os ou des enregistrements audio dans le cadre de la documentation de l&rsquo;\u00e9v\u00e9nement.<\/li><li><strong>Plateformes d&rsquo;inscription en ligne<\/strong>: Formulaires d&rsquo;inscription, portails de billetterie et outils num\u00e9riques utilis\u00e9s pour g\u00e9rer les inscriptions et la participation aux \u00e9v\u00e9nements.<\/li><li><strong>Collecte automatique<\/strong>: Cookies, analyses, fichiers journaux et donn\u00e9es de localisation lorsque vous visitez nos sites web ou nos apps.<\/li><li><strong>M\u00e9dias sociaux et tiers<\/strong>: Si vous interagissez avec nous via LinkedIn, Facebook, Google ou des plateformes similaires, ils peuvent partager les donn\u00e9es que vous autorisez (par exemple, les d\u00e9tails de votre profil).<\/li><li><strong>Sources publiques<\/strong>: Informations disponibles via les m\u00e9dias sociaux, les annuaires professionnels ou d&rsquo;autres plateformes publiques.<\/li><\/ul><h3>5. Comment nous utilisons vos donn\u00e9es personnelles<\/h3><p>Nous utilisons vos donn\u00e9es pour :<\/p><ul><li>Fournir et am\u00e9liorer nos sites web, nos plateformes et nos services.<\/li><li>G\u00e9rer les inscriptions aux \u00e9v\u00e9nements, la participation et la communication.<\/li><li>R\u00e9pondre \u00e0 vos demandes de renseignements et d&rsquo;assistance.<\/li><li>Partager des mises \u00e0 jour, des bulletins d&rsquo;information ou du contenu promotionnel (uniquement si vous y consentez).<\/li><li>Documenter et promouvoir nos activit\u00e9s (y compris les \u00e9v\u00e9nements, les r\u00e9unions, les s\u00e9minaires ou les webinaires) au moyen de photos, de vid\u00e9os et d&rsquo;enregistrements.<\/li><li>Respecter les exigences l\u00e9gales et r\u00e9glementaires.<\/li><li>Analyser l&rsquo;utilisation du site web et les tendances des utilisateurs afin d&rsquo;am\u00e9liorer l&rsquo;exp\u00e9rience.<\/li><\/ul><h3>6. Base juridique du traitement de vos donn\u00e9es \u00e0 caract\u00e8re personnel<\/h3><p>Nous ne traitons les donn\u00e9es \u00e0 caract\u00e8re personnel que lorsqu&rsquo;il existe une base l\u00e9gale pour le faire. Il peut s&rsquo;agir<\/p><ul><li><strong>Ex\u00e9cution d&rsquo;un contrat<\/strong>: lorsque le traitement est n\u00e9cessaire \u00e0 l&rsquo;ex\u00e9cution d&rsquo;un contrat ou d&rsquo;un accord avec vous ou votre organisation.<\/li><li><strong>Respect des obligations l\u00e9gales<\/strong>: Lorsque nous sommes tenus de traiter des donn\u00e9es pour satisfaire \u00e0 des obligations l\u00e9gales ou r\u00e9glementaires, que ce soit en vertu de la loi des \u00c9mirats arabes unis ou d&rsquo;autres juridictions applicables.<\/li><li><strong>Int\u00e9r\u00eats l\u00e9gitimes<\/strong>: Lorsque le traitement est n\u00e9cessaire \u00e0 nos activit\u00e9s commerciales, \u00e0 condition qu&rsquo;il ne l&#8217;emporte pas sur vos droits. Il s&rsquo;agit notamment d&rsquo;am\u00e9liorer nos services, de communiquer avec vous sur les mises \u00e0 jour pertinentes, de documenter les \u00e9v\u00e9nements, de maintenir la s\u00e9curit\u00e9 et de pr\u00e9venir les abus.<\/li><li>Le <strong>consentement<\/strong>: Lorsque vous nous donnez l&rsquo;autorisation explicite de traiter vos donn\u00e9es dans un but sp\u00e9cifique, par exemple pour recevoir des bulletins d&rsquo;information, des mises \u00e0 jour marketing ou pour figurer sur des photographies ou des enregistrements d&rsquo;\u00e9v\u00e9nements. Vous pouvez retirer votre consentement \u00e0 tout moment en nous contactant.<\/li><\/ul><h3>7. Partage de vos donn\u00e9es personnelles<\/h3><p>Nous <strong>ne vendons pas, ne louons pas et n&rsquo;\u00e9changeons pas<\/strong> vos donn\u00e9es personnelles. Disrupt-X ne partage pas non plus vos donn\u00e9es personnelles avec des tiers pour leur utilisation ind\u00e9pendante.<\/p><p>Nous pouvons faire appel \u00e0 des prestataires de services de confiance pour traiter des donn\u00e9es \u00e0 caract\u00e8re personnel en notre nom (par exemple, des fournisseurs de services d&rsquo;analyse de sites web, de vid\u00e9oconf\u00e9rence, de communication par courrier \u00e9lectronique ou d&rsquo;h\u00e9bergement). Ces parties n&rsquo;agissent que selon nos instructions et sont contractuellement tenues de prot\u00e9ger vos informations.<\/p><p>Nous ne pouvons divulguer vos donn\u00e9es que si la loi, un r\u00e8glement ou une autorit\u00e9 gouvernementale l&rsquo;exige.<\/p><p>\u00a0<\/p><h3>9. Conservation des donn\u00e9es<\/h3><p>Nous ne conservons vos donn\u00e9es que pendant la dur\u00e9e n\u00e9cessaire \u00e0 la r\u00e9alisation de l&rsquo;objectif poursuivi ou conform\u00e9ment \u00e0 la l\u00e9gislation en vigueur. Lorsque nous n&rsquo;en avons plus besoin, nous les supprimons ou les rendons anonymes en toute s\u00e9curit\u00e9.<\/p><p>\u00a0<\/p><h3>10. S\u00e9curit\u00e9 des donn\u00e9es<\/h3><p>Nous utilisons des mesures techniques et organisationnelles telles que le cryptage, des serveurs s\u00e9curis\u00e9s et des contr\u00f4les d&rsquo;acc\u00e8s pour prot\u00e9ger vos donn\u00e9es contre l&rsquo;acc\u00e8s non autoris\u00e9, l&rsquo;utilisation abusive ou la perte.<\/p><p>\u00a0<\/p><h3>11. Vos droits<\/h3><p>Sous r\u00e9serve des lois applicables, vous pouvez avoir le droit de :<\/p><ul><li>Acc\u00e9dez \u00e0 vos donn\u00e9es et recevez-en une copie.<\/li><li>Demander des corrections ou des mises \u00e0 jour.<\/li><li>Demander la suppression de vos donn\u00e9es (\u00ab\u00a0droit \u00e0 l&rsquo;oubli\u00a0\u00bb).<\/li><li>Restreindre le traitement ou s&rsquo;y opposer.<\/li><li>Demander le transfert de vos donn\u00e9es (portabilit\u00e9 des donn\u00e9es).<\/li><li>Retirer son consentement \u00e0 tout moment.<\/li><\/ul><p>Pour exercer ces droits, contactez-nous \u00e0 l&rsquo;adresse suivante <a href=\"mailto:info@disrupt-x.io\">: info@disrupt-x.io<\/a>.<\/p><p>\u00a0<\/p><h3>12. Liens externes<\/h3><p>Nos sites web peuvent inclure des liens vers des sites de tiers. Leurs pratiques en mati\u00e8re de protection de la vie priv\u00e9e peuvent diff\u00e9rer des n\u00f4tres. Nous vous encourageons \u00e0 consulter leurs politiques avant de partager des donn\u00e9es personnelles.<\/p><p>\u00a0<\/p><h3>13. Mises \u00e0 jour de notre politique de confidentialit\u00e9<\/h3><p>Nous pouvons mettre \u00e0 jour la pr\u00e9sente politique de confidentialit\u00e9 de temps \u00e0 autre. Les mises \u00e0 jour seront publi\u00e9es sur notre site web et les modifications importantes pourront \u00e9galement \u00eatre communiqu\u00e9es par courrier \u00e9lectronique ou par avis sur notre site.<\/p><p>\u00a0<\/p><h3>14. Comment nous contacter<\/h3><p>Si vous avez des questions concernant notre politique de protection de la vie priv\u00e9e, vous pouvez nous contacter par courrier \u00e9lectronique \u00e0 l&rsquo;adresse suivante <a href=\"mailto:info@disrupt-x.io\">: info@disrupt-x.io<\/a>.<\/p><p>Cette politique entre en vigueur le <em>22 septembre 2025<\/em>.<\/p>\t\t\t\t\t\t\t\t<\/div>\n\t\t\t\t<\/div>\n\t\t\t\t<\/div>\n\t\t","protected":false},"excerpt":{"rendered":"<p>Politique de confidentialit\u00e9 ACCEPTATION DES CONDITIONS 1. Introduction Disrupt-X Tech Limited et ses filiales (collectivement d\u00e9sign\u00e9es par \u00ab Disrupt-X \u00bb, [&hellip;]<\/p>\n","protected":false},"author":5,"featured_media":0,"parent":0,"menu_order":0,"comment_status":"closed","ping_status":"open","template":"elementor_header_footer","meta":{"site-sidebar-layout":"no-sidebar","site-content-layout":"","ast-site-content-layout":"full-width-container","site-content-style":"default","site-sidebar-style":"default","ast-global-header-display":"","ast-banner-title-visibility":"","ast-main-header-display":"","ast-hfb-above-header-display":"","ast-hfb-below-header-display":"","ast-hfb-mobile-header-display":"","site-post-title":"disabled","ast-breadcrumbs-content":"","ast-featured-img":"disabled","footer-sml-layout":"","theme-transparent-header-meta":"","adv-header-id-meta":"","stick-header-meta":"","header-above-stick-meta":"","header-main-stick-meta":"","header-below-stick-meta":"","astra-migrate-meta-layouts":"default","ast-page-background-enabled":"default","ast-page-background-meta":{"desktop":{"background-color":"var(--ast-global-color-5)","background-image":"","background-repeat":"repeat","background-position":"center center","background-size":"auto","background-attachment":"scroll","background-type":"","background-media":"","overlay-type":"","overlay-color":"","overlay-opacity":"","overlay-gradient":""},"tablet":{"background-color":"","background-image":"","background-repeat":"repeat","background-position":"center center","background-size":"auto","background-attachment":"scroll","background-type":"","background-media":"","overlay-type":"","overlay-color":"","overlay-opacity":"","overlay-gradient":""},"mobile":{"background-color":"","background-image":"","background-repeat":"repeat","background-position":"center center","background-size":"auto","background-attachment":"scroll","background-type":"","background-media":"","overlay-type":"","overlay-color":"","overlay-opacity":"","overlay-gradient":""}},"ast-content-background-meta":{"desktop":{"background-color":"var(--ast-global-color-4)","background-image":"","background-repeat":"repeat","background-position":"center center","background-size":"auto","background-attachment":"scroll","background-type":"","background-media":"","overlay-type":"","overlay-color":"","overlay-opacity":"","overlay-gradient":""},"tablet":{"background-color":"var(--ast-global-color-4)","background-image":"","background-repeat":"repeat","background-position":"center center","background-size":"auto","background-attachment":"scroll","background-type":"","background-media":"","overlay-type":"","overlay-color":"","overlay-opacity":"","overlay-gradient":""},"mobile":{"background-color":"var(--ast-global-color-4)","background-image":"","background-repeat":"repeat","background-position":"center center","background-size":"auto","background-attachment":"scroll","background-type":"","background-media":"","overlay-type":"","overlay-color":"","overlay-opacity":"","overlay-gradient":""}},"footnotes":""},"class_list":["post-13653","page","type-page","status-publish","hentry"],"yoast_head":"<!-- This site is optimized with the Yoast SEO plugin v27.3 - https:\/\/yoast.com\/product\/yoast-seo-wordpress\/ -->\n<title>Politique de confidentialit\u00e9 | Disrupt-X<\/title>\n<meta name=\"description\" content=\"La politique de confidentialit\u00e9 explique quelles informations nous collectons et pourquoi, comment nous les utilisons et comment les consulter et les mettre \u00e0 jour.\" \/>\n<meta name=\"robots\" content=\"index, follow, max-snippet:-1, max-image-preview:large, max-video-preview:-1\" \/>\n<link rel=\"canonical\" href=\"https:\/\/disrupt-x.io\/fr\/politique-de-confidentialite\/\" \/>\n<meta property=\"og:locale\" content=\"fr_FR\" \/>\n<meta property=\"og:type\" content=\"article\" \/>\n<meta property=\"og:title\" content=\"Politique de confidentialit\u00e9 | Disrupt-X\" \/>\n<meta property=\"og:description\" content=\"La politique de confidentialit\u00e9 explique quelles informations nous collectons et pourquoi, comment nous les utilisons et comment les consulter et les mettre \u00e0 jour.\" \/>\n<meta property=\"og:url\" content=\"https:\/\/disrupt-x.io\/fr\/politique-de-confidentialite\/\" \/>\n<meta property=\"og:site_name\" content=\"Disrupt-X\" \/>\n<meta property=\"article:publisher\" content=\"https:\/\/www.facebook.com\/disruptxio\" \/>\n<meta property=\"article:modified_time\" content=\"2026-02-26T07:46:03+00:00\" \/>\n<meta name=\"twitter:card\" content=\"summary_large_image\" \/>\n<meta name=\"twitter:site\" content=\"@disruptxio\" \/>\n<meta name=\"twitter:label1\" content=\"Dur\u00e9e de lecture estim\u00e9e\" \/>\n\t<meta name=\"twitter:data1\" content=\"6 minutes\" \/>\n<script type=\"application\/ld+json\" class=\"yoast-schema-graph\">{\"@context\":\"https:\\\/\\\/schema.org\",\"@graph\":[{\"@type\":\"WebPage\",\"@id\":\"https:\\\/\\\/disrupt-x.io\\\/fr\\\/politique-de-confidentialite\\\/\",\"url\":\"https:\\\/\\\/disrupt-x.io\\\/fr\\\/politique-de-confidentialite\\\/\",\"name\":\"Politique de confidentialit\u00e9 | Disrupt-X\",\"isPartOf\":{\"@id\":\"https:\\\/\\\/disrupt-x.io\\\/fr\\\/#website\"},\"datePublished\":\"2025-04-29T14:53:12+00:00\",\"dateModified\":\"2026-02-26T07:46:03+00:00\",\"description\":\"La politique de confidentialit\u00e9 explique quelles informations nous collectons et pourquoi, comment nous les utilisons et comment les consulter et les mettre \u00e0 jour.\",\"breadcrumb\":{\"@id\":\"https:\\\/\\\/disrupt-x.io\\\/fr\\\/politique-de-confidentialite\\\/#breadcrumb\"},\"inLanguage\":\"fr-FR\",\"potentialAction\":[{\"@type\":\"ReadAction\",\"target\":[\"https:\\\/\\\/disrupt-x.io\\\/fr\\\/politique-de-confidentialite\\\/\"]}]},{\"@type\":\"BreadcrumbList\",\"@id\":\"https:\\\/\\\/disrupt-x.io\\\/fr\\\/politique-de-confidentialite\\\/#breadcrumb\",\"itemListElement\":[{\"@type\":\"ListItem\",\"position\":1,\"name\":\"Home\",\"item\":\"https:\\\/\\\/disrupt-x.io\\\/fr\\\/\"},{\"@type\":\"ListItem\",\"position\":2,\"name\":\"Politique de confidentialit\u00e9\"}]},{\"@type\":\"WebSite\",\"@id\":\"https:\\\/\\\/disrupt-x.io\\\/fr\\\/#website\",\"url\":\"https:\\\/\\\/disrupt-x.io\\\/fr\\\/\",\"name\":\"Disrupt-X\",\"description\":\"Disrupt-X | Enterprise AI - CRE Management Platform\",\"publisher\":{\"@id\":\"https:\\\/\\\/disrupt-x.io\\\/fr\\\/#organization\"},\"potentialAction\":[{\"@type\":\"SearchAction\",\"target\":{\"@type\":\"EntryPoint\",\"urlTemplate\":\"https:\\\/\\\/disrupt-x.io\\\/fr\\\/?s={search_term_string}\"},\"query-input\":{\"@type\":\"PropertyValueSpecification\",\"valueRequired\":true,\"valueName\":\"search_term_string\"}}],\"inLanguage\":\"fr-FR\"},{\"@type\":\"Organization\",\"@id\":\"https:\\\/\\\/disrupt-x.io\\\/fr\\\/#organization\",\"name\":\"Disrupt-X\",\"url\":\"https:\\\/\\\/disrupt-x.io\\\/fr\\\/\",\"logo\":{\"@type\":\"ImageObject\",\"inLanguage\":\"fr-FR\",\"@id\":\"https:\\\/\\\/disrupt-x.io\\\/fr\\\/#\\\/schema\\\/logo\\\/image\\\/\",\"url\":\"https:\\\/\\\/disrupt-x.io\\\/wp-content\\\/uploads\\\/2025\\\/05\\\/Layer_1-2.svg\",\"contentUrl\":\"https:\\\/\\\/disrupt-x.io\\\/wp-content\\\/uploads\\\/2025\\\/05\\\/Layer_1-2.svg\",\"width\":24,\"height\":24,\"caption\":\"Disrupt-X\"},\"image\":{\"@id\":\"https:\\\/\\\/disrupt-x.io\\\/fr\\\/#\\\/schema\\\/logo\\\/image\\\/\"},\"sameAs\":[\"https:\\\/\\\/www.facebook.com\\\/disruptxio\",\"https:\\\/\\\/x.com\\\/disruptxio\",\"https:\\\/\\\/www.youtube.com\\\/@disruptxio\",\"https:\\\/\\\/www.linkedin.com\\\/company\\\/disruptxio\",\"https:\\\/\\\/www.instagram.com\\\/disruptxio\\\/\",\"https:\\\/\\\/www.tiktok.com\\\/@disruptxio\"]}]}<\/script>\n<!-- \/ Yoast SEO plugin. -->","yoast_head_json":{"title":"Politique de confidentialit\u00e9 | Disrupt-X","description":"La politique de confidentialit\u00e9 explique quelles informations nous collectons et pourquoi, comment nous les utilisons et comment les consulter et les mettre \u00e0 jour.","robots":{"index":"index","follow":"follow","max-snippet":"max-snippet:-1","max-image-preview":"max-image-preview:large","max-video-preview":"max-video-preview:-1"},"canonical":"https:\/\/disrupt-x.io\/fr\/politique-de-confidentialite\/","og_locale":"fr_FR","og_type":"article","og_title":"Politique de confidentialit\u00e9 | Disrupt-X","og_description":"La politique de confidentialit\u00e9 explique quelles informations nous collectons et pourquoi, comment nous les utilisons et comment les consulter et les mettre \u00e0 jour.","og_url":"https:\/\/disrupt-x.io\/fr\/politique-de-confidentialite\/","og_site_name":"Disrupt-X","article_publisher":"https:\/\/www.facebook.com\/disruptxio","article_modified_time":"2026-02-26T07:46:03+00:00","twitter_card":"summary_large_image","twitter_site":"@disruptxio","twitter_misc":{"Dur\u00e9e de lecture estim\u00e9e":"6 minutes"},"schema":{"@context":"https:\/\/schema.org","@graph":[{"@type":"WebPage","@id":"https:\/\/disrupt-x.io\/fr\/politique-de-confidentialite\/","url":"https:\/\/disrupt-x.io\/fr\/politique-de-confidentialite\/","name":"Politique de confidentialit\u00e9 | Disrupt-X","isPartOf":{"@id":"https:\/\/disrupt-x.io\/fr\/#website"},"datePublished":"2025-04-29T14:53:12+00:00","dateModified":"2026-02-26T07:46:03+00:00","description":"La politique de confidentialit\u00e9 explique quelles informations nous collectons et pourquoi, comment nous les utilisons et comment les consulter et les mettre \u00e0 jour.","breadcrumb":{"@id":"https:\/\/disrupt-x.io\/fr\/politique-de-confidentialite\/#breadcrumb"},"inLanguage":"fr-FR","potentialAction":[{"@type":"ReadAction","target":["https:\/\/disrupt-x.io\/fr\/politique-de-confidentialite\/"]}]},{"@type":"BreadcrumbList","@id":"https:\/\/disrupt-x.io\/fr\/politique-de-confidentialite\/#breadcrumb","itemListElement":[{"@type":"ListItem","position":1,"name":"Home","item":"https:\/\/disrupt-x.io\/fr\/"},{"@type":"ListItem","position":2,"name":"Politique de confidentialit\u00e9"}]},{"@type":"WebSite","@id":"https:\/\/disrupt-x.io\/fr\/#website","url":"https:\/\/disrupt-x.io\/fr\/","name":"Disrupt-X","description":"Disrupt-X | Enterprise AI - CRE Management Platform","publisher":{"@id":"https:\/\/disrupt-x.io\/fr\/#organization"},"potentialAction":[{"@type":"SearchAction","target":{"@type":"EntryPoint","urlTemplate":"https:\/\/disrupt-x.io\/fr\/?s={search_term_string}"},"query-input":{"@type":"PropertyValueSpecification","valueRequired":true,"valueName":"search_term_string"}}],"inLanguage":"fr-FR"},{"@type":"Organization","@id":"https:\/\/disrupt-x.io\/fr\/#organization","name":"Disrupt-X","url":"https:\/\/disrupt-x.io\/fr\/","logo":{"@type":"ImageObject","inLanguage":"fr-FR","@id":"https:\/\/disrupt-x.io\/fr\/#\/schema\/logo\/image\/","url":"https:\/\/disrupt-x.io\/wp-content\/uploads\/2025\/05\/Layer_1-2.svg","contentUrl":"https:\/\/disrupt-x.io\/wp-content\/uploads\/2025\/05\/Layer_1-2.svg","width":24,"height":24,"caption":"Disrupt-X"},"image":{"@id":"https:\/\/disrupt-x.io\/fr\/#\/schema\/logo\/image\/"},"sameAs":["https:\/\/www.facebook.com\/disruptxio","https:\/\/x.com\/disruptxio","https:\/\/www.youtube.com\/@disruptxio","https:\/\/www.linkedin.com\/company\/disruptxio","https:\/\/www.instagram.com\/disruptxio\/","https:\/\/www.tiktok.com\/@disruptxio"]}]}},"_links":{"self":[{"href":"https:\/\/disrupt-x.io\/fr\/wp-json\/wp\/v2\/pages\/13653","targetHints":{"allow":["GET"]}}],"collection":[{"href":"https:\/\/disrupt-x.io\/fr\/wp-json\/wp\/v2\/pages"}],"about":[{"href":"https:\/\/disrupt-x.io\/fr\/wp-json\/wp\/v2\/types\/page"}],"author":[{"embeddable":true,"href":"https:\/\/disrupt-x.io\/fr\/wp-json\/wp\/v2\/users\/5"}],"replies":[{"embeddable":true,"href":"https:\/\/disrupt-x.io\/fr\/wp-json\/wp\/v2\/comments?post=13653"}],"version-history":[{"count":3,"href":"https:\/\/disrupt-x.io\/fr\/wp-json\/wp\/v2\/pages\/13653\/revisions"}],"predecessor-version":[{"id":18057,"href":"https:\/\/disrupt-x.io\/fr\/wp-json\/wp\/v2\/pages\/13653\/revisions\/18057"}],"wp:attachment":[{"href":"https:\/\/disrupt-x.io\/fr\/wp-json\/wp\/v2\/media?parent=13653"}],"curies":[{"name":"wp","href":"https:\/\/api.w.org\/{rel}","templated":true}]}}